{"id":954,"date":"2013-05-03T00:36:46","date_gmt":"2013-05-03T00:36:46","guid":{"rendered":"http:\/\/numastudio.com\/home\/?page_id=954"},"modified":"2026-01-17T22:31:04","modified_gmt":"2026-01-17T22:31:04","slug":"about","status":"publish","type":"page","link":"https:\/\/numastudio.com\/home\/about\/","title":{"rendered":"About Us"},"content":{"rendered":"<h3>Who We Are<\/h3>\n<div class=\"column one-half\">Numa Studio is a design studio and creative consultancy providing services in branding, commercial photography (food, interiors and product), video production, graphic design, art direction, digital marketing and social media management. We specialize in creating work for luxury brands, services and restaurants.<br \/>\n&nbsp;<br \/>\nFounded in 2007 by Andres Rodriguez and Diana Trujillo Neme, Numa Studio has created successful projects, experiences and creative work for fashion and design brands, restaurants, caf\u00e9s, bars, shopping malls, hotels, designers, photographers, advertising agencies, jewelry, fitness, cosmetics, art galleries, interior design studios, technology and publications in Colombia, United States, Spain and Canada.<br \/>\n&nbsp;<br \/>\nBeyond our client work, we extend our passion for creativity through the creation of online publications and blogs focusing on design, gastronomy and fashion.<\/p>\n<\/div>\n<div class=\"column one-half column-last\">Numa Studio es un estudio de dise\u00f1o y consultor\u00eda creativa que ofrece servicios en branding, fotograf\u00eda comercial (alimentos, interiores y producto), producci\u00f3n de video, dise\u00f1o gr\u00e1fico, direcci\u00f3n de arte, mercadeo digital y administraci\u00f3n de redes sociales. Nos especializamos en trabajar con marcas y servicios de lujo y restaurantes.<br \/>\n&nbsp;<br \/>\nCreada en 2007 por Andr\u00e9s Rodr\u00edguez y Diana Trujillo, Numa Studio ha creado exitosos proyectos, experiencias y piezas creativas para marcas de moda y dise\u00f1o, restaurantes, caf\u00e9s, bares, centros comerciales, hoteles, dise\u00f1adores, fot\u00f3grafos, agencias de publicidad, joyer\u00edas, fitness, cosm\u00e9ticos, galer\u00edas de arte, interiorismo, tecnolog\u00eda y publicaciones en Colombia, Estados Unidos, Espa\u00f1a y Canad\u00e1.<br \/>\n&nbsp;<br \/>\nM\u00e1s all\u00e1 de nuestro trabajo con clientes, extendemos nuestra pasi\u00f3n por la creatividad a trav\u00e9s de la creaci\u00f3n de publicaciones en l\u00ednea y blogs centrados en dise\u00f1o, gastronomia y moda.<\/div>\n<p><img loading=\"lazy\" decoding=\"async\" class=\"alignnone size-full wp-image-908\" src=\"https:\/\/numastudio.com\/home\/wp-content\/uploads\/2013\/05\/aboutnuma.jpg\" alt=\"aboutnuma\" width=\"1438\" height=\"319\" srcset=\"https:\/\/numastudio.com\/home\/wp-content\/uploads\/2013\/05\/aboutnuma.jpg 1438w, https:\/\/numastudio.com\/home\/wp-content\/uploads\/2013\/05\/aboutnuma-300x66.jpg 300w, https:\/\/numastudio.com\/home\/wp-content\/uploads\/2013\/05\/aboutnuma-1024x227.jpg 1024w, https:\/\/numastudio.com\/home\/wp-content\/uploads\/2013\/05\/aboutnuma-338x74.jpg 338w, https:\/\/numastudio.com\/home\/wp-content\/uploads\/2013\/05\/aboutnuma-450x99.jpg 450w, https:\/\/numastudio.com\/home\/wp-content\/uploads\/2013\/05\/aboutnuma-257x57.jpg 257w\" sizes=\"(max-width: 1438px) 100vw, 1438px\" \/><\/p>\n<div class=\"column one-third\">\n<h4>The Team<\/h4>\n<p><strong>Founder \/ Creative &#038; Content Director<\/strong><br \/>\nAndr\u00e9s Rodr\u00edguez V.<\/p>\n<p><strong>Founder \/ Social Media &#038; Design Director<\/strong><br \/>\nDiana Trujillo Neme<\/p>\n<p><strong>Creative Contributors<\/strong><br \/>\nAngela Jaramillo<br \/>\nAng\u00e9lica Bustamante<br \/>\nDiana Gait\u00e1n<br \/>\nGerman Ballesteros<br \/>\nJuan Guillermo Tolosa<br \/>\nManuela Gonz\u00e1lez<br \/>\nVer\u00f3nica Le\u00f3n<\/p>\n<p><strong>Photography &#038; Video<\/strong><br \/>\nDiana Trujillo Neme<br \/>\nAndr\u00e9s Rodr\u00edguez V.<br \/>\nSusana Mart\u00ednez<br \/>\nMilton Hern\u00e1ndez<\/p>\n<\/div>\n<div class=\"column one-third\">\n<h4>What We Do<\/h4>\n<p><strong>Design &amp; Branding<\/strong><br \/>\nBrand Development<br \/>\nBrand Identity<br \/>\nPackaging<br \/>\nGraphic Design<br \/>\nArt Direction<br \/>\nAI content creation<\/p>\n<p><strong>Photography &amp; Video<\/strong><br \/>\nFood Photography<br \/>\nProduct Photography<br \/>\nInterior Photography<br \/>\nLifestyle Photography<br \/>\nVideo Production<\/p>\n<p><strong>Digital &amp; Social<\/strong><br \/>\nDigital &#038; Social Media Marketing<br \/>\nGastromarketing<br \/>\nInfluencer Marketing &amp; PR<br \/>\nSocial Media Management<br \/>\nContent Development<br \/>\nAI based marketing<\/p>\n<\/div>\n<div class=\"column one-third column-last\">\n<h4>Our Projects<\/h4>\n<p><strong>Numa Design Guide<\/strong><br \/>\n<a href=\"https:\/\/www.numadesignguide.com\">www.numadesignguide.com<\/a><\/p>\n<p><strong>Numa Food Guide<\/strong><br \/>\n<a href=\"https:\/\/www.numafoodguide.com\">www.numafoodguide.com<\/a><\/p>\n<p><strong>Numa Art Gallery<\/strong><br \/>\n<a href=\"https:\/\/solo.to\/numaartgallery\">www.solo.to\/numaartgallery<\/a><\/p>\n<p><strong>Iconia Avant-Garde<\/strong><br \/>\n<a href=\"https:\/\/www.iconiaavantgarde.com\">www.iconiaavantgarde.com<\/a><\/p>\n<\/div>\n<hr class=\"hr\" \/>\n<h4>Our Clients<\/h4>\n<div class=\"column one-third\">\n<p><strong>Gastronomy<\/strong><br \/>\nSauvage<br \/>\nCanoa Taberna Japonesa<br \/>\nT\u00eat Taberna Vietnamita<br \/>\nBao Social Club<br \/>\nCascajal<br \/>\nFranc Wine Bar<br \/>\nONO Hosomaki Bar<br \/>\nAttic and Keller<br \/>\nBocuse d&#8217;Or<br \/>\nP.F. Chang&#8217;s<br \/>\nArchies<br \/>\nDomino&#8217;s Pizza<br \/>\nStarbucks<br \/>\nCaf\u00e9 Monstruo<br \/>\nTres Cuatro Cinco<br \/>\nBeer Station<br \/>\nAmor Propio<br \/>\nNazca<br \/>\n14 Inkas<br \/>\nNimi&#8217;s<br \/>\nFranco<br \/>\nLa Fragata<br \/>\nFish Market<br \/>\nToshiro Robatayaki<br \/>\nLa Causa <\/p>\n<\/div>\n<div class=\"column one-third\">\n<p><strong>Food &#038; Beverage Goods<\/strong><br \/>\nClak! Chocolate<br \/>\nS\u00e1came el Jugo<br \/>\nBohrcaf\u00e9<br \/>\nThe Cupcake Parlour<\/p>\n<p><strong>Fashion<\/strong><br \/>\nA New Cross<br \/>\nIsabel Henao<br \/>\nJulieta Suarez<br \/>\nL\u00edneas Cruzadas<br \/>\nMaria Luisa Ortiz<br \/>\nWalking Closet<br \/>\nCamila Swimwear<br \/>\nOhh Margot<br \/>\nAerodinamic<br \/>\nLuxus<\/p>\n<p><strong>Jewelry<\/strong><br \/>\nIma Accessories<br \/>\nDeoro Joyer\u00eda<br \/>\nYulord Fine Jewelry<\/p>\n<p><strong>Creativity<\/strong><br \/>\n36pt Design<br \/>\nSuuko Interior Design<br \/>\nCarlos Gaviria Photography<\/p>\n<\/div>\n<div class=\"column one-third column-last\">\n<p><strong>Shopping<\/strong><br \/>\nEl Retiro Shopping Center<br \/>\nCentro de Dise\u00f1o Portobelo<\/p>\n<p><strong>Services<\/strong><br \/>\n525 Event Rentals<br \/>\nPilates ProWorks<br \/>\nAndres Espitia Event Planners<br \/>\nLa Martina<br \/>\nAdriana Venegas<br \/>\nRosas en Casa<\/p>\n<p><strong>Technology<\/strong><br \/>\nSatlock<br \/>\nUltraccess<\/p>\n<p><strong>Nightlife<\/strong><br \/>\nArmando Records<br \/>\nVikend<\/p>\n<p><strong>Other Industries<\/strong><br \/>\nRevista Diners<br \/>\nPorsche<br \/>\nFedegan<br \/>\nParque de la 93<\/p>\n<\/div>\n","protected":false},"excerpt":{"rendered":"<p>Who We Are Our Clients<\/p>\n","protected":false},"author":1,"featured_media":0,"parent":0,"menu_order":0,"comment_status":"open","ping_status":"closed","template":"page-full-width.php","meta":{"footnotes":""},"_links":{"self":[{"href":"https:\/\/numastudio.com\/home\/wp-json\/wp\/v2\/pages\/954"}],"collection":[{"href":"https:\/\/numastudio.com\/home\/wp-json\/wp\/v2\/pages"}],"about":[{"href":"https:\/\/numastudio.com\/home\/wp-json\/wp\/v2\/types\/page"}],"author":[{"embeddable":true,"href":"https:\/\/numastudio.com\/home\/wp-json\/wp\/v2\/users\/1"}],"replies":[{"embeddable":true,"href":"https:\/\/numastudio.com\/home\/wp-json\/wp\/v2\/comments?post=954"}],"version-history":[{"count":290,"href":"https:\/\/numastudio.com\/home\/wp-json\/wp\/v2\/pages\/954\/revisions"}],"predecessor-version":[{"id":2648,"href":"https:\/\/numastudio.com\/home\/wp-json\/wp\/v2\/pages\/954\/revisions\/2648"}],"wp:attachment":[{"href":"https:\/\/numastudio.com\/home\/wp-json\/wp\/v2\/media?parent=954"}],"curies":[{"name":"wp","href":"https:\/\/api.w.org\/{rel}","templated":true}]}}